{"id":427,"date":"2022-09-26T10:30:42","date_gmt":"2022-09-26T10:30:42","guid":{"rendered":"https:\/\/begenbilisim.com\/tr\/?page_id=427"},"modified":"2022-09-26T10:34:59","modified_gmt":"2022-09-26T10:34:59","slug":"kamera-ve-guvenlik-sistemleri","status":"publish","type":"page","link":"https:\/\/begenbilisim.com\/tr\/kamera-ve-guvenlik-sistemleri\/","title":{"rendered":"Kamera ve G\u00fcvenlik Sistemleri"},"content":{"rendered":"<p>Biz Be\u011fen Bili\u015fim Elektrik olarak, her t\u00fcrl\u00fc kamera ve g\u00fcvenlik sistemleri montaj\u0131, bak\u0131m\u0131 ve ar\u0131za giderimi yap\u0131yoruz. En uygun fiyatlarla kamera sistemi kuruyoruz.<\/p>\n<p><img loading=\"lazy\" src=\"https:\/\/begenbilisim.com\/tr\/wp-content\/uploads\/2022\/09\/kamera-1-300x229.jpg\" alt=\"\" width=\"300\" height=\"229\" class=\"alignnone size-medium wp-image-434\" srcset=\"https:\/\/begenbilisim.com\/tr\/wp-content\/uploads\/2022\/09\/kamera-1-300x229.jpg 300w, https:\/\/begenbilisim.com\/tr\/wp-content\/uploads\/2022\/09\/kamera-1-768x587.jpg 768w, https:\/\/begenbilisim.com\/tr\/wp-content\/uploads\/2022\/09\/kamera-1-600x458.jpg 600w, https:\/\/begenbilisim.com\/tr\/wp-content\/uploads\/2022\/09\/kamera-1.jpg 1024w\" sizes=\"(max-width: 300px) 100vw, 300px\" \/><\/p>\n<p>&nbsp;<\/p>\n<p>&nbsp;<\/p>\n","protected":false},"excerpt":{"rendered":"<p>Biz Be\u011fen Bili\u015fim Elektrik olarak, her t\u00fcrl\u00fc kamera ve g\u00fcvenlik sistemleri montaj\u0131, bak\u0131m\u0131 ve ar\u0131za giderimi yap\u0131yoruz. En uygun fiyatlarla kamera sistemi kuruyoruz. &nbsp; &nbsp;<\/p>\n","protected":false},"author":1,"featured_media":433,"parent":0,"menu_order":0,"comment_status":"closed","ping_status":"closed","template":"","meta":[],"_links":{"self":[{"href":"https:\/\/begenbilisim.com\/tr\/wp-json\/wp\/v2\/pages\/427"}],"collection":[{"href":"https:\/\/begenbilisim.com\/tr\/wp-json\/wp\/v2\/pages"}],"about":[{"href":"https:\/\/begenbilisim.com\/tr\/wp-json\/wp\/v2\/types\/page"}],"author":[{"embeddable":true,"href":"https:\/\/begenbilisim.com\/tr\/wp-json\/wp\/v2\/users\/1"}],"replies":[{"embeddable":true,"href":"https:\/\/begenbilisim.com\/tr\/wp-json\/wp\/v2\/comments?post=427"}],"version-history":[{"count":4,"href":"https:\/\/begenbilisim.com\/tr\/wp-json\/wp\/v2\/pages\/427\/revisions"}],"predecessor-version":[{"id":435,"href":"https:\/\/begenbilisim.com\/tr\/wp-json\/wp\/v2\/pages\/427\/revisions\/435"}],"wp:featuredmedia":[{"embeddable":true,"href":"https:\/\/begenbilisim.com\/tr\/wp-json\/wp\/v2\/media\/433"}],"wp:attachment":[{"href":"https:\/\/begenbilisim.com\/tr\/wp-json\/wp\/v2\/media?parent=427"}],"curies":[{"name":"wp","href":"https:\/\/api.w.org\/{rel}","templated":true}]}}