{"id":48,"date":"2021-09-16T13:11:23","date_gmt":"2021-09-16T13:11:23","guid":{"rendered":"http:\/\/begenbilisim.com\/tr\/?page_id=48"},"modified":"2021-09-20T06:54:34","modified_gmt":"2021-09-20T06:54:34","slug":"hakkimizda","status":"publish","type":"page","link":"https:\/\/begenbilisim.com\/tr\/hakkimizda\/","title":{"rendered":"Hakk\u0131m\u0131zda"},"content":{"rendered":"<p><strong>Hakk\u0131m\u0131zda<\/strong><\/p>\n<p>Elektrik sekt\u00f6r\u00fcnde uzman kadrosu ile kaliteli, \u00e7a\u011fda\u015f, yenilik\u00e7i projeler \u00fcreten olgun Be\u011fen Bili\u015fim, \u00f6zellikle son y\u0131llarda yenilik\u00e7i ve geli\u015fimci anlay\u0131\u015f\u0131 ile yurt i\u00e7i ve yurt d\u0131\u015f\u0131 projelerde ba\u015far\u0131 ile yer alm\u0131\u015ft\u0131r.<br \/>\nBe\u011fen Bili\u015fim hedefleri do\u011frultusunda uluslar aras\u0131 ortamda m\u00fc\u015fteri odakl\u0131 bir kalite y\u00f6netim anlay\u0131\u015f\u0131 belirlemi\u015f olup bu do\u011frultuda emin ad\u0131mlarla ilerlemektedir.<br \/>\nBe\u011fen Bili\u015fim ilerledi\u011fi bu yolu uzun bir yol olarak g\u00f6rmektedir. Ad\u0131m ad\u0131m y\u00fckselen bir de\u011fer olman\u0131n verdi\u011fi hakl\u0131 gurur ile sekt\u00f6r\u00fcnde ba\u015far\u0131l\u0131 projelere ad\u0131m atmaya devam edecektir.<\/p>\n<p><strong>Biz Kimiz?<\/strong><\/p>\n<p>\u2022 Be\u011fen Bili\u015fim olarak elektrik sistemlerinde tasar\u0131m ve projelendirme, uygulama ve taahh\u00fct, test ve devreye alma, bak\u0131m onar\u0131m ve i\u015fletme, dan\u0131\u015fmanl\u0131k hizmetleri, proje y\u00f6netimi ve planlama hizmetleri veren bir \u015firketiz.<\/p>\n","protected":false},"excerpt":{"rendered":"<p>Hakk\u0131m\u0131zda Elektrik sekt\u00f6r\u00fcnde uzman kadrosu ile kaliteli, \u00e7a\u011fda\u015f, yenilik\u00e7i projeler \u00fcreten olgun Be\u011fen Bili\u015fim, \u00f6zellikle son y\u0131llarda yenilik\u00e7i ve geli\u015fimci anlay\u0131\u015f\u0131 ile yurt i\u00e7i ve yurt d\u0131\u015f\u0131 projelerde ba\u015far\u0131 ile yer alm\u0131\u015ft\u0131r. Be\u011fen Bili\u015fim hedefleri do\u011frultusunda uluslar aras\u0131 ortamda m\u00fc\u015fteri odakl\u0131 bir kalite y\u00f6netim anlay\u0131\u015f\u0131 belirlemi\u015f olup bu do\u011frultuda emin ad\u0131mlarla ilerlemektedir. Be\u011fen Bili\u015fim ilerledi\u011fi [&hellip;]<\/p>\n","protected":false},"author":1,"featured_media":20,"parent":0,"menu_order":0,"comment_status":"closed","ping_status":"closed","template":"template\/template-page-full-width.php","meta":[],"_links":{"self":[{"href":"https:\/\/begenbilisim.com\/tr\/wp-json\/wp\/v2\/pages\/48"}],"collection":[{"href":"https:\/\/begenbilisim.com\/tr\/wp-json\/wp\/v2\/pages"}],"about":[{"href":"https:\/\/begenbilisim.com\/tr\/wp-json\/wp\/v2\/types\/page"}],"author":[{"embeddable":true,"href":"https:\/\/begenbilisim.com\/tr\/wp-json\/wp\/v2\/users\/1"}],"replies":[{"embeddable":true,"href":"https:\/\/begenbilisim.com\/tr\/wp-json\/wp\/v2\/comments?post=48"}],"version-history":[{"count":3,"href":"https:\/\/begenbilisim.com\/tr\/wp-json\/wp\/v2\/pages\/48\/revisions"}],"predecessor-version":[{"id":57,"href":"https:\/\/begenbilisim.com\/tr\/wp-json\/wp\/v2\/pages\/48\/revisions\/57"}],"wp:featuredmedia":[{"embeddable":true,"href":"https:\/\/begenbilisim.com\/tr\/wp-json\/wp\/v2\/media\/20"}],"wp:attachment":[{"href":"https:\/\/begenbilisim.com\/tr\/wp-json\/wp\/v2\/media?parent=48"}],"curies":[{"name":"wp","href":"https:\/\/api.w.org\/{rel}","templated":true}]}}