{"id":63,"date":"2021-09-16T13:34:12","date_gmt":"2021-09-16T13:34:12","guid":{"rendered":"http:\/\/begenbilisim.com\/tr\/?page_id=63"},"modified":"2021-09-20T06:38:45","modified_gmt":"2021-09-20T06:38:45","slug":"elektrik-taahhut","status":"publish","type":"page","link":"https:\/\/begenbilisim.com\/tr\/elektrik-taahhut\/","title":{"rendered":"Elektrik Taahh\u00fct"},"content":{"rendered":"<p>BE\u011eEN B\u0130L\u0130\u015e\u0130M ELK M\u00dcHEND\u0130SL\u0130K PROJE Olarak \u00e7e\u015fitli i\u015flevlerde her t\u00fcrl\u00fc yap\u0131 yada yap\u0131 gurubunda elektrik tesisat\u0131n\u0131n b\u00fct\u00fcn uygulamalar\u0131n\u0131 ger\u00e7ekle\u015ftirmek \u00fczere, konusunda ald\u0131\u011f\u0131 deneyimiyle birle\u015ftirmi\u015f \u015fantiye ortam\u0131nda h\u0131zl\u0131 ve do\u011fru d\u00fc\u015f\u00fcnebilen, her zaman \u00e7\u00f6z\u00fcm odakl\u0131 hareket eden m\u00fchendis ve teknik kadromuzla hizmet vermekteyiz.<\/p>\n<p>\u27a2 Orta Gerilimde Enerji Ta\u015f\u0131nmas\u0131<br \/>\n\u27a2 Orta Gerilimde \u0130ndirici ve Da\u011f\u0131t\u0131m Merkezleri<br \/>\n\u27a2 Al\u00e7ak Gerilim Enerji Temini ve Da\u011f\u0131t\u0131m\u0131<br \/>\n\u27a2 Kompanzasyon Sistemleri ve Tesisat\u0131<br \/>\n\u27a2 Dahili \/Harici Ayd\u0131nlatma Sistemleri ve Tesisat\u0131<br \/>\n\u27a2 Kuvvetli ve Zay\u0131f Ak\u0131m Sistemleri ve Tesisatlar\u0131<br \/>\n\u27a2 Otomatik Kontrol ve Kumanda Sistemleri ve Tesisat\u0131<br \/>\n\u27a2 Zay\u0131f Ak\u0131m \/ Data Sistemleri ve Tesisat\u0131<br \/>\n\u27a2 Kesintisiz ve Yedek Enerji Sistemleri ve Tesisat\u0131<br \/>\n\u27a2 Otomasyon ve Proses Sistemleri ve Tesisat\u0131<br \/>\n\u27a2 Her T\u00fcrl\u00fc \u00d6zel Sistemler<\/p>\n","protected":false},"excerpt":{"rendered":"<p>BE\u011eEN B\u0130L\u0130\u015e\u0130M ELK M\u00dcHEND\u0130SL\u0130K PROJE Olarak \u00e7e\u015fitli i\u015flevlerde her t\u00fcrl\u00fc yap\u0131 yada yap\u0131 gurubunda elektrik tesisat\u0131n\u0131n b\u00fct\u00fcn uygulamalar\u0131n\u0131 ger\u00e7ekle\u015ftirmek \u00fczere, konusunda ald\u0131\u011f\u0131 deneyimiyle birle\u015ftirmi\u015f \u015fantiye ortam\u0131nda h\u0131zl\u0131 ve do\u011fru d\u00fc\u015f\u00fcnebilen, her zaman \u00e7\u00f6z\u00fcm odakl\u0131 hareket eden m\u00fchendis ve teknik kadromuzla hizmet vermekteyiz. \u27a2 Orta Gerilimde Enerji Ta\u015f\u0131nmas\u0131 \u27a2 Orta Gerilimde \u0130ndirici ve Da\u011f\u0131t\u0131m Merkezleri \u27a2 [&hellip;]<\/p>\n","protected":false},"author":1,"featured_media":159,"parent":0,"menu_order":0,"comment_status":"closed","ping_status":"closed","template":"","meta":[],"_links":{"self":[{"href":"https:\/\/begenbilisim.com\/tr\/wp-json\/wp\/v2\/pages\/63"}],"collection":[{"href":"https:\/\/begenbilisim.com\/tr\/wp-json\/wp\/v2\/pages"}],"about":[{"href":"https:\/\/begenbilisim.com\/tr\/wp-json\/wp\/v2\/types\/page"}],"author":[{"embeddable":true,"href":"https:\/\/begenbilisim.com\/tr\/wp-json\/wp\/v2\/users\/1"}],"replies":[{"embeddable":true,"href":"https:\/\/begenbilisim.com\/tr\/wp-json\/wp\/v2\/comments?post=63"}],"version-history":[{"count":4,"href":"https:\/\/begenbilisim.com\/tr\/wp-json\/wp\/v2\/pages\/63\/revisions"}],"predecessor-version":[{"id":150,"href":"https:\/\/begenbilisim.com\/tr\/wp-json\/wp\/v2\/pages\/63\/revisions\/150"}],"wp:featuredmedia":[{"embeddable":true,"href":"https:\/\/begenbilisim.com\/tr\/wp-json\/wp\/v2\/media\/159"}],"wp:attachment":[{"href":"https:\/\/begenbilisim.com\/tr\/wp-json\/wp\/v2\/media?parent=63"}],"curies":[{"name":"wp","href":"https:\/\/api.w.org\/{rel}","templated":true}]}}