{"id":67,"date":"2021-09-16T13:34:12","date_gmt":"2021-09-16T13:34:12","guid":{"rendered":"http:\/\/begenbilisim.com\/tr\/?page_id=67"},"modified":"2021-09-23T14:11:35","modified_gmt":"2021-09-23T14:11:35","slug":"zayif-akim","status":"publish","type":"page","link":"https:\/\/begenbilisim.com\/tr\/zayif-akim\/","title":{"rendered":"Zay\u0131f Ak\u0131m"},"content":{"rendered":"<p>Zay\u0131f ak\u0131m, eletrik tesisatlar\u0131nda yang\u0131n alarm, telefon, kamera, anten ve zil gibi cihazlar\u0131 \u00e7al\u0131\u015ft\u0131rmak i\u00e7in gerilimi d\u00fc\u015f\u00fck enerjilere verilen isimdir. Bir di\u011fer tan\u0131m\u0131yla zay\u0131f ak\u0131m, insanlara herhangi bir zarar\u0131\/\u00e7arpma olmayan sistemlerdir. Zay\u0131f ak\u0131m sistemleri ise herhangi bir yap\u0131 i\u00e7erisindeki g\u00fcvenlik, data ak\u0131\u015f\u0131, kontrol gibi sistemlerin y\u00f6netilmesi ve d\u00fczenlenmesini sa\u011flayan sistemlerdir.<\/p>\n<p><strong>Zay\u0131f Ak\u0131m Sistemleri Nelerdir?<\/strong><br \/>\nYap\u0131larda bulunan ba\u015fl\u0131ca zay\u0131f ak\u0131m sistemleri;CCTV, Yang\u0131n Alarm, Telefon\/Santral, Koaksiyel (Tv-Uydu), Veri \u0130leti\u015fimi vb.\u2019dir.Zay\u0131f ak\u0131m kablolar\u0131 kullan\u0131ld\u0131\u011f\u0131 alanlara g\u00f6re farkl\u0131l\u0131k g\u00f6sterebilir. Ba\u015fl\u0131ca kullan\u0131m alanlar\u0131 ak\u0131ll\u0131\/yar\u0131 ak\u0131ll\u0131 binalar, sinemalar, hastaneler, tiyatrolar, avmler, fabrikalar vb. yerlerde kullan\u0131l\u0131r. Yang\u0131n gibi durumlarda HFFR kablolar\u0131 sayesinde ortaya \u00e7\u0131kan halojen gaz\u0131n\u0131n zehirli etkisinden korunulur. \u015eayet kullan\u0131ld\u0131\u011f\u0131 ortamda darbe,zorlanma riski varsa bu risklere g\u00f6re k\u0131l\u0131flama yap\u0131labilir.<\/p>\n","protected":false},"excerpt":{"rendered":"<p>Zay\u0131f ak\u0131m, eletrik tesisatlar\u0131nda yang\u0131n alarm, telefon, kamera, anten ve zil gibi cihazlar\u0131 \u00e7al\u0131\u015ft\u0131rmak i\u00e7in gerilimi d\u00fc\u015f\u00fck enerjilere verilen isimdir. Bir di\u011fer tan\u0131m\u0131yla zay\u0131f ak\u0131m, insanlara herhangi bir zarar\u0131\/\u00e7arpma olmayan sistemlerdir. Zay\u0131f ak\u0131m sistemleri ise herhangi bir yap\u0131 i\u00e7erisindeki g\u00fcvenlik, data ak\u0131\u015f\u0131, kontrol gibi sistemlerin y\u00f6netilmesi ve d\u00fczenlenmesini sa\u011flayan sistemlerdir. Zay\u0131f Ak\u0131m Sistemleri Nelerdir? Yap\u0131larda [&hellip;]<\/p>\n","protected":false},"author":1,"featured_media":155,"parent":0,"menu_order":0,"comment_status":"closed","ping_status":"closed","template":"","meta":[],"_links":{"self":[{"href":"https:\/\/begenbilisim.com\/tr\/wp-json\/wp\/v2\/pages\/67"}],"collection":[{"href":"https:\/\/begenbilisim.com\/tr\/wp-json\/wp\/v2\/pages"}],"about":[{"href":"https:\/\/begenbilisim.com\/tr\/wp-json\/wp\/v2\/types\/page"}],"author":[{"embeddable":true,"href":"https:\/\/begenbilisim.com\/tr\/wp-json\/wp\/v2\/users\/1"}],"replies":[{"embeddable":true,"href":"https:\/\/begenbilisim.com\/tr\/wp-json\/wp\/v2\/comments?post=67"}],"version-history":[{"count":3,"href":"https:\/\/begenbilisim.com\/tr\/wp-json\/wp\/v2\/pages\/67\/revisions"}],"predecessor-version":[{"id":291,"href":"https:\/\/begenbilisim.com\/tr\/wp-json\/wp\/v2\/pages\/67\/revisions\/291"}],"wp:featuredmedia":[{"embeddable":true,"href":"https:\/\/begenbilisim.com\/tr\/wp-json\/wp\/v2\/media\/155"}],"wp:attachment":[{"href":"https:\/\/begenbilisim.com\/tr\/wp-json\/wp\/v2\/media?parent=67"}],"curies":[{"name":"wp","href":"https:\/\/api.w.org\/{rel}","templated":true}]}}