{"id":380,"date":"2022-01-26T13:34:35","date_gmt":"2022-01-26T13:34:35","guid":{"rendered":"https:\/\/begenbilisim.com\/tr\/?post_type=product&#038;p=380"},"modified":"2022-01-26T13:34:35","modified_gmt":"2022-01-26T13:34:35","slug":"2x1-5-dayanikli-saydam-ses-kablosu","status":"publish","type":"product","link":"https:\/\/begenbilisim.com\/tr\/urun\/2x1-5-dayanikli-saydam-ses-kablosu\/","title":{"rendered":"2&#215;1.5 Dayan\u0131kl\u0131 Saydam Ses Kablosu"},"content":{"rendered":"<div><img src=\"https:\/\/i.hizliresim.com\/boy5cow.jpg\" \/><span><span style=\"color: #ff8c00; font-size: large;\"><b><br \/>\n<\/b><\/span><\/span><\/div>\n<div><span><span style=\"color: #ff8c00; font-size: large;\"><b>BE\u011eEN B\u0130L\u0130\u015e\u0130M G\u00dcVENCES\u0130YLE BU FIRSATI KA\u00c7IRMAYIN&#8230;<\/b><\/span><\/span><\/div>\n<div><b><span style=\"font-size: large;\">\u00a0<\/span><\/b><\/div>\n<div><span><b><span style=\"font-size: large;\">UZUN S\u00dcRED\u0130R H\u0130ZMET VEREN F\u0130RMAMIZ HER ZAMAN KAL\u0130TEN\u0130N ve G\u00dcVENCEN\u0130N TEK ADRES\u0130 OLMU\u015eTUR.<\/span><\/b><\/span><\/div>\n<div><b><span style=\"font-size: large;\">\u00a0<\/span><\/b><\/div>\n<div><span><b><span style=\"font-size: large;\">F\u0130RMA OLARAK \u0130LKEM\u0130Z UYGUN F\u0130YAT ve Y\u00dcKSEK KAL\u0130TED\u0130R. S\u0130ZLER\u0130N G\u00dcVEN\u0130 B\u0130Z\u0130M \u00d6NCEL\u0130\u011e\u0130M\u0130ZD\u0130R. DOLAYISIYLA ELEKTRON\u0130K \u00dcR\u00dcNLERDE; GARANT\u0130 &#8211; SATI\u015e SONRASI H\u0130ZMET VE TEKN\u0130K DESTE\u011e\u0130N \u00d6NEM\u0130 ve B\u0130L\u0130NC\u0130 \u0130\u00c7ER\u0130S\u0130NDEY\u0130Z.<\/span><\/b><\/span><\/div>\n<div><span><b><span style=\"font-size: large;\">T\u00dcM \u00dcR\u00dcNLER\u0130M\u0130Z TEM\u0130Z VE SIFIR AYARINDADIR.<\/span><\/b><\/span><\/div>\n<div><span><b><span style=\"font-size: large;\">T\u00dcM \u00dcR\u00dcNLER\u0130M\u0130ZDE SATI\u015e SONRASI DESTEK SA\u011eLANMAKTADIR SAAT 16:30\u2019A KADAR VER\u0130LEN T\u00dcM S\u0130PAR\u0130\u015eLER AYNI G\u00dcN KARGOLANIR. B\u0130ZE \u0130LET\u0130\u015e\u0130M ADRESLER\u0130M\u0130ZDEN HER ZAMAN ULA\u015eAB\u0130L\u0130RS\u0130N\u0130Z.<\/span><\/b><\/span><\/div>\n<div><span style=\"font-size: large;\">\u00a0<\/span><\/div>\n<div><span><span style=\"font-size: large;\">ADRES: MEL\u0130H G\u00d6K\u00c7EK BULVARI ARIKANLAR GRAND PLAZA 138\/32 YEN\u0130MAHALLE\/ANKARA<\/span><\/span><\/div>\n<div><span><span style=\"font-size: large;\">TEL : 0312 324 23 74<\/span><\/span><\/div>\n<div><span><span style=\"font-size: large;\">WHATSAPP : (+90) 544 522 06 44<\/span><\/span><\/div>\n<div><span><span style=\"font-size: large;\">BEGENB\u0130L\u0130S\u0130M.COM<\/span><\/span><\/div>\n<div><span><span style=\"font-size: large;\">info@begenbilisim.com<\/span><\/span><\/div>\n<p><span><b>L\u00fctfen Fiyat \u0130steyiniz<\/b><\/span><\/p>\n<p>\u00dcr\u00fcn Bilgileri: 2&#215;1.5 Dayan\u0131kl\u0131 Saydam Ses Kablosu<\/p>\n<p><span>Durumu: S\u0131f\u0131r<\/span><\/p>\n<p><span>Stok Durumu: Stokta Mevcut<\/span><\/p>\n<p><span>Kargo S\u00fcresi: 2 \u0130\u015f g\u00fcn\u00fc i\u00e7inde kargoya verilir<\/span><\/p>\n","protected":false},"excerpt":{"rendered":"<p>BE\u011eEN B\u0130L\u0130\u015e\u0130M G\u00dcVENCES\u0130YLE BU FIRSATI KA\u00c7IRMAYIN&#8230; \u00a0 UZUN S\u00dcRED\u0130R H\u0130ZMET VEREN F\u0130RMAMIZ HER ZAMAN KAL\u0130TEN\u0130N ve G\u00dcVENCEN\u0130N TEK ADRES\u0130 OLMU\u015eTUR. \u00a0 F\u0130RMA OLARAK \u0130LKEM\u0130Z UYGUN F\u0130YAT ve Y\u00dcKSEK KAL\u0130TED\u0130R. S\u0130ZLER\u0130N G\u00dcVEN\u0130 B\u0130Z\u0130M \u00d6NCEL\u0130\u011e\u0130M\u0130ZD\u0130R. DOLAYISIYLA ELEKTRON\u0130K \u00dcR\u00dcNLERDE; GARANT\u0130 &#8211; SATI\u015e SONRASI H\u0130ZMET VE TEKN\u0130K DESTE\u011e\u0130N \u00d6NEM\u0130 ve B\u0130L\u0130NC\u0130 \u0130\u00c7ER\u0130S\u0130NDEY\u0130Z. T\u00dcM \u00dcR\u00dcNLER\u0130M\u0130Z TEM\u0130Z VE SIFIR AYARINDADIR. T\u00dcM [&hellip;]<\/p>\n","protected":false},"featured_media":381,"comment_status":"closed","ping_status":"closed","template":"","meta":[],"product_cat":[30],"product_tag":[],"_links":{"self":[{"href":"https:\/\/begenbilisim.com\/tr\/wp-json\/wp\/v2\/product\/380"}],"collection":[{"href":"https:\/\/begenbilisim.com\/tr\/wp-json\/wp\/v2\/product"}],"about":[{"href":"https:\/\/begenbilisim.com\/tr\/wp-json\/wp\/v2\/types\/product"}],"replies":[{"embeddable":true,"href":"https:\/\/begenbilisim.com\/tr\/wp-json\/wp\/v2\/comments?post=380"}],"wp:featuredmedia":[{"embeddable":true,"href":"https:\/\/begenbilisim.com\/tr\/wp-json\/wp\/v2\/media\/381"}],"wp:attachment":[{"href":"https:\/\/begenbilisim.com\/tr\/wp-json\/wp\/v2\/media?parent=380"}],"wp:term":[{"taxonomy":"product_cat","embeddable":true,"href":"https:\/\/begenbilisim.com\/tr\/wp-json\/wp\/v2\/product_cat?post=380"},{"taxonomy":"product_tag","embeddable":true,"href":"https:\/\/begenbilisim.com\/tr\/wp-json\/wp\/v2\/product_tag?post=380"}],"curies":[{"name":"wp","href":"https:\/\/api.w.org\/{rel}","templated":true}]}}